{"id":3212,"date":"2021-02-25T10:11:13","date_gmt":"2021-02-25T09:11:13","guid":{"rendered":"https:\/\/www.zwiebel.fr\/etalonnage-reetalonnage\/"},"modified":"2024-06-26T14:51:19","modified_gmt":"2024-06-26T12:51:19","slug":"etalonnage-reetalonnage","status":"publish","type":"page","link":"https:\/\/www.zwiebel.fr\/en\/etalonnage-reetalonnage\/","title":{"rendered":"Calibration \/ Recalibration"},"content":{"rendered":"\t\t<div data-elementor-type=\"wp-page\" data-elementor-id=\"3212\" class=\"elementor elementor-3212 elementor-2045\" data-elementor-post-type=\"page\">\n\t\t\t\t\t\t<section class=\"elementor-section elementor-top-section elementor-element elementor-element-1a64ce16 elementor-section-boxed elementor-section-height-default elementor-section-height-default\" data-id=\"1a64ce16\" data-element_type=\"section\" data-e-type=\"section\">\n\t\t\t\t\t\t<div class=\"elementor-container elementor-column-gap-default\">\n\t\t\t\t\t<div class=\"elementor-column elementor-col-100 elementor-top-column elementor-element elementor-element-1eb96850\" data-id=\"1eb96850\" data-element_type=\"column\" data-e-type=\"column\">\n\t\t\t<div class=\"elementor-widget-wrap elementor-element-populated\">\n\t\t\t\t\t\t<div class=\"elementor-element elementor-element-3d95736 elementor-widget elementor-widget-heading\" data-id=\"3d95736\" data-element_type=\"widget\" data-e-type=\"widget\" data-widget_type=\"heading.default\">\n\t\t\t\t<div class=\"elementor-widget-container\">\n\t\t\t\t\t<h1 class=\"elementor-heading-title elementor-size-default\">Calibration, recalibration of weights and masses<\/h1>\t\t\t\t<\/div>\n\t\t\t\t<\/div>\n\t\t\t\t<div class=\"elementor-element elementor-element-20ad442 elementor-widget elementor-widget-text-editor\" data-id=\"20ad442\" data-element_type=\"widget\" data-e-type=\"widget\" data-widget_type=\"text-editor.default\">\n\t\t\t\t<div class=\"elementor-widget-container\">\n\t\t\t\t\t\t\t\t\t<p>COFRAC calibration certificate \u2013 CEI 17025 \/ Mass accreditation 2-1218 Scope available on\u00a0<a href=\"https:\/\/www.cofrac.fr\/\" target=\"_blank\" rel=\"noopener\">www.cofrac.fr<\/a><\/p>\t\t\t\t\t\t\t\t<\/div>\n\t\t\t\t<\/div>\n\t\t\t\t<div class=\"elementor-element elementor-element-1ac7b8c8 elementor-toc--minimized-on-tablet elementor-widget elementor-widget-table-of-contents\" data-id=\"1ac7b8c8\" data-element_type=\"widget\" data-e-type=\"widget\" data-settings=\"{&quot;headings_by_tags&quot;:[&quot;h2&quot;,&quot;h3&quot;],&quot;exclude_headings_by_selector&quot;:[],&quot;marker_view&quot;:&quot;numbers&quot;,&quot;no_headings_message&quot;:&quot;No headings were found on this page.&quot;,&quot;minimize_box&quot;:&quot;yes&quot;,&quot;minimized_on&quot;:&quot;tablet&quot;,&quot;hierarchical_view&quot;:&quot;yes&quot;,&quot;min_height&quot;:{&quot;unit&quot;:&quot;px&quot;,&quot;size&quot;:&quot;&quot;,&quot;sizes&quot;:[]},&quot;min_height_tablet&quot;:{&quot;unit&quot;:&quot;px&quot;,&quot;size&quot;:&quot;&quot;,&quot;sizes&quot;:[]},&quot;min_height_mobile&quot;:{&quot;unit&quot;:&quot;px&quot;,&quot;size&quot;:&quot;&quot;,&quot;sizes&quot;:[]}}\" data-widget_type=\"table-of-contents.default\">\n\t\t\t\t<div class=\"elementor-widget-container\">\n\t\t\t\t\t\t\t\t\t<div class=\"elementor-toc__header\">\n\t\t\t\t\t\t<div class=\"elementor-toc__header-title\">\n\t\t\t\tTable of content\t\t\t<\/div>\n\t\t\t\t\t\t\t\t\t\t<div class=\"elementor-toc__toggle-button elementor-toc__toggle-button--expand\" role=\"button\" tabindex=\"0\" aria-controls=\"elementor-toc__1ac7b8c8\" aria-expanded=\"true\" aria-label=\"Open table of contents\"><i aria-hidden=\"true\" class=\"fas fa-chevron-down\"><\/i><\/div>\n\t\t\t\t<div class=\"elementor-toc__toggle-button elementor-toc__toggle-button--collapse\" role=\"button\" tabindex=\"0\" aria-controls=\"elementor-toc__1ac7b8c8\" aria-expanded=\"true\" aria-label=\"Close table of contents\"><i aria-hidden=\"true\" class=\"fas fa-chevron-up\"><\/i><\/div>\n\t\t\t\t\t<\/div>\n\t\t\t\t<div id=\"elementor-toc__1ac7b8c8\" class=\"elementor-toc__body\">\n\t\t\t<div class=\"elementor-toc__spinner-container\">\n\t\t\t\t<i class=\"elementor-toc__spinner eicon-animation-spin eicon-loading\" aria-hidden=\"true\"><\/i>\t\t\t<\/div>\n\t\t<\/div>\n\t\t\t\t\t\t<\/div>\n\t\t\t\t<\/div>\n\t\t\t\t<div class=\"elementor-element elementor-element-3f5c1e23 elementor-widget elementor-widget-heading\" data-id=\"3f5c1e23\" data-element_type=\"widget\" data-e-type=\"widget\" data-widget_type=\"heading.default\">\n\t\t\t\t<div class=\"elementor-widget-container\">\n\t\t\t\t\t<h2 class=\"elementor-heading-title elementor-size-default\">Calibration of new weights and masses : E1, E2, F1, F2, M1, M2, M3<\/h2>\t\t\t\t<\/div>\n\t\t\t\t<\/div>\n\t\t\t\t<div class=\"elementor-element elementor-element-5a3edb0c elementor-widget elementor-widget-text-editor\" data-id=\"5a3edb0c\" data-element_type=\"widget\" data-e-type=\"widget\" data-widget_type=\"text-editor.default\">\n\t\t\t\t<div class=\"elementor-widget-container\">\n\t\t\t\t\t\t\t\t\t<p>Since 1991, we ensure the maintenance of weights and masses over time. Zwiebel is able to support you for all your bespoke projects. According to the nominal value and accuracy of the weight class, calibration is managed in one of our three laboratories.<\/p>\t\t\t\t\t\t\t\t<\/div>\n\t\t\t\t<\/div>\n\t\t\t\t\t<\/div>\n\t\t<\/div>\n\t\t\t\t\t<\/div>\n\t\t<\/section>\n\t\t\t\t<section class=\"elementor-section elementor-top-section elementor-element elementor-element-49e6bee2 animated-slow elementor-section-boxed elementor-section-height-default elementor-section-height-default elementor-invisible\" data-id=\"49e6bee2\" data-element_type=\"section\" data-e-type=\"section\" data-settings=\"{&quot;animation&quot;:&quot;fadeInLeft&quot;}\">\n\t\t\t\t\t\t<div class=\"elementor-container elementor-column-gap-default\">\n\t\t\t\t\t<div class=\"elementor-column elementor-col-100 elementor-top-column elementor-element elementor-element-438b7152\" data-id=\"438b7152\" data-element_type=\"column\" data-e-type=\"column\">\n\t\t\t<div class=\"elementor-widget-wrap elementor-element-populated\">\n\t\t\t\t\t\t<section class=\"elementor-section elementor-inner-section elementor-element elementor-element-76620ee0 elementor-section-boxed elementor-section-height-default elementor-section-height-default\" data-id=\"76620ee0\" data-element_type=\"section\" data-e-type=\"section\">\n\t\t\t\t\t\t<div class=\"elementor-container elementor-column-gap-default\">\n\t\t\t\t\t<div class=\"elementor-column elementor-col-50 elementor-inner-column elementor-element elementor-element-652f1d69\" data-id=\"652f1d69\" data-element_type=\"column\" data-e-type=\"column\">\n\t\t\t<div class=\"elementor-widget-wrap elementor-element-populated\">\n\t\t\t\t\t\t<div class=\"elementor-element elementor-element-672c9e48 elementor-widget elementor-widget-text-editor\" data-id=\"672c9e48\" data-element_type=\"widget\" data-e-type=\"widget\" data-widget_type=\"text-editor.default\">\n\t\t\t\t<div class=\"elementor-widget-container\">\n\t\t\t\t\t\t\t\t\t<p><strong>What does accreditation implies ? NF EN ISO\/CEI 17025<\/strong><\/p>\n<p>Accreditation is an acknowledgement that a laboratory conducts calibration in a defined field with specified uncertainties.<\/p>\n\t\t\t\t\t\t\t\t<\/div>\n\t\t\t\t<\/div>\n\t\t\t\t\t<\/div>\n\t\t<\/div>\n\t\t\t\t<div class=\"elementor-column elementor-col-50 elementor-inner-column elementor-element elementor-element-2cabc83e\" data-id=\"2cabc83e\" data-element_type=\"column\" data-e-type=\"column\">\n\t\t\t<div class=\"elementor-widget-wrap elementor-element-populated\">\n\t\t\t\t\t\t<div class=\"elementor-element elementor-element-20081296 elementor-widget elementor-widget-image\" data-id=\"20081296\" data-element_type=\"widget\" data-e-type=\"widget\" data-widget_type=\"image.default\">\n\t\t\t\t<div class=\"elementor-widget-container\">\n\t\t\t\t\t\t\t\t\t\t\t\t\t\t\t<img fetchpriority=\"high\" decoding=\"async\" width=\"534\" height=\"297\" src=\"https:\/\/www.zwiebel.fr\/wp-content\/uploads\/2021\/08\/Schema-service-etalonnage-EN.png\" class=\"attachment-large size-large wp-image-4085\" alt=\"Zwiebel - accreditation\" srcset=\"https:\/\/www.zwiebel.fr\/wp-content\/uploads\/2021\/08\/Schema-service-etalonnage-EN.png 534w, https:\/\/www.zwiebel.fr\/wp-content\/uploads\/2021\/08\/Schema-service-etalonnage-EN-300x167.png 300w\" sizes=\"(max-width: 534px) 100vw, 534px\" \/>\t\t\t\t\t\t\t\t\t\t\t\t\t\t\t<\/div>\n\t\t\t\t<\/div>\n\t\t\t\t\t<\/div>\n\t\t<\/div>\n\t\t\t\t\t<\/div>\n\t\t<\/section>\n\t\t\t\t<section class=\"elementor-section elementor-inner-section elementor-element elementor-element-51a66fce elementor-section-boxed elementor-section-height-default elementor-section-height-default\" data-id=\"51a66fce\" data-element_type=\"section\" data-e-type=\"section\">\n\t\t\t\t\t\t<div class=\"elementor-container elementor-column-gap-default\">\n\t\t\t\t\t<div class=\"elementor-column elementor-col-50 elementor-inner-column elementor-element elementor-element-3db9b9d\" data-id=\"3db9b9d\" data-element_type=\"column\" data-e-type=\"column\">\n\t\t\t<div class=\"elementor-widget-wrap elementor-element-populated\">\n\t\t\t\t\t\t<div class=\"elementor-element elementor-element-416ebd33 elementor-arrows-position-inside elementor-pagination-position-outside elementor-widget elementor-widget-image-carousel\" data-id=\"416ebd33\" data-element_type=\"widget\" data-e-type=\"widget\" data-settings=\"{&quot;slides_to_show&quot;:&quot;1&quot;,&quot;navigation&quot;:&quot;both&quot;,&quot;autoplay&quot;:&quot;yes&quot;,&quot;pause_on_hover&quot;:&quot;yes&quot;,&quot;pause_on_interaction&quot;:&quot;yes&quot;,&quot;autoplay_speed&quot;:5000,&quot;infinite&quot;:&quot;yes&quot;,&quot;effect&quot;:&quot;slide&quot;,&quot;speed&quot;:500}\" data-widget_type=\"image-carousel.default\">\n\t\t\t\t<div class=\"elementor-widget-container\">\n\t\t\t\t\t\t\t<div class=\"elementor-image-carousel-wrapper swiper\" role=\"region\" aria-roledescription=\"carousel\" aria-label=\"Image Carousel\" dir=\"ltr\">\n\t\t\t<div class=\"elementor-image-carousel swiper-wrapper\" aria-live=\"off\">\n\t\t\t\t\t\t\t\t<div class=\"swiper-slide\" role=\"group\" aria-roledescription=\"slide\" aria-label=\"1 of 3\"><figure class=\"swiper-slide-inner\"><img decoding=\"async\" class=\"swiper-slide-image\" src=\"https:\/\/www.zwiebel.fr\/wp-content\/uploads\/2021\/07\/034-768x512.jpg\" alt=\"Zwiebel - \u00e9talonnage et r\u00e9\u00e9talonnage\" \/><\/figure><\/div><div class=\"swiper-slide\" role=\"group\" aria-roledescription=\"slide\" aria-label=\"2 of 3\"><figure class=\"swiper-slide-inner\"><img decoding=\"async\" class=\"swiper-slide-image\" src=\"https:\/\/www.zwiebel.fr\/wp-content\/uploads\/2021\/07\/028-768x512.jpg\" alt=\"Zwiebel - \u00e9talonnage et r\u00e9\u00e9talonnage\" \/><\/figure><\/div><div class=\"swiper-slide\" role=\"group\" aria-roledescription=\"slide\" aria-label=\"3 of 3\"><figure class=\"swiper-slide-inner\"><img decoding=\"async\" class=\"swiper-slide-image\" src=\"https:\/\/www.zwiebel.fr\/wp-content\/uploads\/2021\/07\/031-768x512.jpg\" alt=\"Zwiebel - \u00e9talonnage et r\u00e9\u00e9talonnage\" \/><\/figure><\/div>\t\t\t<\/div>\n\t\t\t\t\t\t\t\t\t\t\t\t<div class=\"elementor-swiper-button elementor-swiper-button-prev\" role=\"button\" tabindex=\"0\">\n\t\t\t\t\t\t<i aria-hidden=\"true\" class=\"eicon-chevron-left\"><\/i>\t\t\t\t\t<\/div>\n\t\t\t\t\t<div class=\"elementor-swiper-button elementor-swiper-button-next\" role=\"button\" tabindex=\"0\">\n\t\t\t\t\t\t<i aria-hidden=\"true\" class=\"eicon-chevron-right\"><\/i>\t\t\t\t\t<\/div>\n\t\t\t\t\n\t\t\t\t\t\t\t\t\t<div class=\"swiper-pagination\"><\/div>\n\t\t\t\t\t\t\t\t\t<\/div>\n\t\t\t\t\t\t<\/div>\n\t\t\t\t<\/div>\n\t\t\t\t\t<\/div>\n\t\t<\/div>\n\t\t\t\t<div class=\"elementor-column elementor-col-50 elementor-inner-column elementor-element elementor-element-29bbceef\" data-id=\"29bbceef\" data-element_type=\"column\" data-e-type=\"column\">\n\t\t\t<div class=\"elementor-widget-wrap elementor-element-populated\">\n\t\t\t\t\t\t<div class=\"elementor-element elementor-element-1e5cddce elementor-widget elementor-widget-text-editor\" data-id=\"1e5cddce\" data-element_type=\"widget\" data-e-type=\"widget\" data-widget_type=\"text-editor.default\">\n\t\t\t\t<div class=\"elementor-widget-container\">\n\t\t\t\t\t\t\t\t\t<p>In our laboratories, we use precision equipment and stringent methods and employ skilled personnel to calibrate the weights and masses.<\/p>\n<p>With an extremely fine resolution \u2013 from 0.1 microgram to 1 gram \u2013 the manual comparators and automated systems we use are the guarantee of excellent service.<\/p>\n<p>Calibration documents are available in English, German, Italian, Portuguese and Spanish.<\/p>\n\t\t\t\t\t\t\t\t<\/div>\n\t\t\t\t<\/div>\n\t\t\t\t\t<\/div>\n\t\t<\/div>\n\t\t\t\t\t<\/div>\n\t\t<\/section>\n\t\t\t\t\t<\/div>\n\t\t<\/div>\n\t\t\t\t\t<\/div>\n\t\t<\/section>\n\t\t\t\t<section class=\"elementor-section elementor-top-section elementor-element elementor-element-1b2aa6cf elementor-section-boxed elementor-section-height-default elementor-section-height-default\" data-id=\"1b2aa6cf\" data-element_type=\"section\" data-e-type=\"section\">\n\t\t\t\t\t\t<div class=\"elementor-container elementor-column-gap-default\">\n\t\t\t\t\t<div class=\"elementor-column elementor-col-100 elementor-top-column elementor-element elementor-element-5132fb94\" data-id=\"5132fb94\" data-element_type=\"column\" data-e-type=\"column\">\n\t\t\t<div class=\"elementor-widget-wrap elementor-element-populated\">\n\t\t\t\t\t\t<div class=\"elementor-element elementor-element-9b77152 elementor-widget elementor-widget-heading\" data-id=\"9b77152\" data-element_type=\"widget\" data-e-type=\"widget\" data-widget_type=\"heading.default\">\n\t\t\t\t<div class=\"elementor-widget-container\">\n\t\t\t\t\t<h2 class=\"elementor-heading-title elementor-size-default\">Recalibration of new weights and masses E1, E2, F1, F2, M1, M2, M3.<\/h2>\t\t\t\t<\/div>\n\t\t\t\t<\/div>\n\t\t\t\t<div class=\"elementor-element elementor-element-118814d9 elementor-widget elementor-widget-text-editor\" data-id=\"118814d9\" data-element_type=\"widget\" data-e-type=\"widget\" data-widget_type=\"text-editor.default\">\n\t\t\t\t<div class=\"elementor-widget-container\">\n\t\t\t\t\t\t\t\t\t<p>We ensure the maintenance of weights and masses over time. Indeed, by recalibrating your weights in our laboratories, you can control developments and, if need be, request the manufacturer to adjust or repair them. Zwiebel is able to recalibrate all kind of weights and masses which nominal values comprise between 1mg and 2t according to its COFRAC (Mass accreditation 2-1218 Scope available on\u00a0<a href=\"https:\/\/www.cofrac.fr\/\" target=\"_blank\" rel=\"noopener\">www.cofrac.fr<\/a>) range accreditation.<\/p><p>Recalibration periodi is usually every 1 to 3 years. It can be reschedule according to the results registered between 2 calibrations, but weight owner is still the decision maker for this.<\/p><p><a href=\"https:\/\/www.zwiebel.fr\/wp-content\/uploads\/2023\/10\/R-COM.IN_.SC_.1403_02-service.pdf\" target=\"_blank\" rel=\"noopener\">Calibration intervals awareness<\/a><\/p><p>\u00a0<\/p>\t\t\t\t\t\t\t\t<\/div>\n\t\t\t\t<\/div>\n\t\t\t\t\t<\/div>\n\t\t<\/div>\n\t\t\t\t\t<\/div>\n\t\t<\/section>\n\t\t\t\t<section class=\"elementor-section elementor-top-section elementor-element elementor-element-2cae1cd9 elementor-section-boxed elementor-section-height-default elementor-section-height-default\" data-id=\"2cae1cd9\" data-element_type=\"section\" data-e-type=\"section\">\n\t\t\t\t\t\t<div class=\"elementor-container elementor-column-gap-default\">\n\t\t\t\t\t<div class=\"elementor-column elementor-col-100 elementor-top-column elementor-element elementor-element-801f885\" data-id=\"801f885\" data-element_type=\"column\" data-e-type=\"column\">\n\t\t\t<div class=\"elementor-widget-wrap elementor-element-populated\">\n\t\t\t\t\t\t<div class=\"elementor-element elementor-element-321fdcd5 elementor-widget elementor-widget-spacer\" data-id=\"321fdcd5\" data-element_type=\"widget\" data-e-type=\"widget\" data-widget_type=\"spacer.default\">\n\t\t\t\t<div class=\"elementor-widget-container\">\n\t\t\t\t\t\t\t<div class=\"elementor-spacer\">\n\t\t\t<div class=\"elementor-spacer-inner\"><\/div>\n\t\t<\/div>\n\t\t\t\t\t\t<\/div>\n\t\t\t\t<\/div>\n\t\t\t\t\t<\/div>\n\t\t<\/div>\n\t\t\t\t\t<\/div>\n\t\t<\/section>\n\t\t\t\t<\/div>\n\t\t","protected":false},"excerpt":{"rendered":"<p>Calibration, recalibration of weights and masses COFRAC calibration certificate \u2013 CEI 17025 \/ Mass accreditation 2-1218 Scope available on\u00a0www.cofrac.fr Table of content Calibration of new weights and masses : E1, E2, F1, F2, M1, M2, M3 Since 1991, we ensure the maintenance of weights and masses over time. Zwiebel is able to support you for [&hellip;]<\/p>\n","protected":false},"author":1,"featured_media":0,"parent":0,"menu_order":0,"comment_status":"closed","ping_status":"closed","template":"","meta":{"inline_featured_image":false,"footnotes":""},"class_list":["post-3212","page","type-page","status-publish","hentry"],"yoast_head":"<!-- This site is optimized with the Yoast SEO plugin v27.5 - https:\/\/yoast.com\/product\/yoast-seo-wordpress\/ -->\n<title>Calibration \/ Recalibration - Zwiebel<\/title>\n<meta name=\"robots\" content=\"index, follow, max-snippet:-1, max-image-preview:large, max-video-preview:-1\" \/>\n<link rel=\"canonical\" href=\"https:\/\/www.zwiebel.fr\/en\/etalonnage-reetalonnage\/\" \/>\n<meta property=\"og:locale\" content=\"en_US\" \/>\n<meta property=\"og:type\" content=\"article\" \/>\n<meta property=\"og:title\" content=\"Calibration \/ Recalibration - Zwiebel\" \/>\n<meta property=\"og:description\" content=\"Calibration, recalibration of weights and masses COFRAC calibration certificate \u2013 CEI 17025 \/ Mass accreditation 2-1218 Scope available on\u00a0www.cofrac.fr Table of content Calibration of new weights and masses : E1, E2, F1, F2, M1, M2, M3 Since 1991, we ensure the maintenance of weights and masses over time. Zwiebel is able to support you for [&hellip;]\" \/>\n<meta property=\"og:url\" content=\"https:\/\/www.zwiebel.fr\/en\/etalonnage-reetalonnage\/\" \/>\n<meta property=\"og:site_name\" content=\"Zwiebel\" \/>\n<meta property=\"article:modified_time\" content=\"2024-06-26T12:51:19+00:00\" \/>\n<meta property=\"og:image\" content=\"https:\/\/www.zwiebel.fr\/wp-content\/uploads\/2021\/08\/Schema-service-etalonnage-EN.png\" \/>\n<meta name=\"twitter:card\" content=\"summary_large_image\" \/>\n<meta name=\"twitter:label1\" content=\"Est. reading time\" \/>\n\t<meta name=\"twitter:data1\" content=\"3 minutes\" \/>\n<script type=\"application\/ld+json\" class=\"yoast-schema-graph\">{\"@context\":\"https:\\\/\\\/schema.org\",\"@graph\":[{\"@type\":\"WebPage\",\"@id\":\"https:\\\/\\\/www.zwiebel.fr\\\/en\\\/etalonnage-reetalonnage\\\/\",\"url\":\"https:\\\/\\\/www.zwiebel.fr\\\/en\\\/etalonnage-reetalonnage\\\/\",\"name\":\"Calibration \\\/ Recalibration - Zwiebel\",\"isPartOf\":{\"@id\":\"https:\\\/\\\/www.zwiebel.fr\\\/en\\\/#website\"},\"primaryImageOfPage\":{\"@id\":\"https:\\\/\\\/www.zwiebel.fr\\\/en\\\/etalonnage-reetalonnage\\\/#primaryimage\"},\"image\":{\"@id\":\"https:\\\/\\\/www.zwiebel.fr\\\/en\\\/etalonnage-reetalonnage\\\/#primaryimage\"},\"thumbnailUrl\":\"https:\\\/\\\/www.zwiebel.fr\\\/wp-content\\\/uploads\\\/2021\\\/08\\\/Schema-service-etalonnage-EN.png\",\"datePublished\":\"2021-02-25T09:11:13+00:00\",\"dateModified\":\"2024-06-26T12:51:19+00:00\",\"breadcrumb\":{\"@id\":\"https:\\\/\\\/www.zwiebel.fr\\\/en\\\/etalonnage-reetalonnage\\\/#breadcrumb\"},\"inLanguage\":\"en-US\",\"potentialAction\":[{\"@type\":\"ReadAction\",\"target\":[\"https:\\\/\\\/www.zwiebel.fr\\\/en\\\/etalonnage-reetalonnage\\\/\"]}]},{\"@type\":\"ImageObject\",\"inLanguage\":\"en-US\",\"@id\":\"https:\\\/\\\/www.zwiebel.fr\\\/en\\\/etalonnage-reetalonnage\\\/#primaryimage\",\"url\":\"https:\\\/\\\/www.zwiebel.fr\\\/wp-content\\\/uploads\\\/2021\\\/08\\\/Schema-service-etalonnage-EN.png\",\"contentUrl\":\"https:\\\/\\\/www.zwiebel.fr\\\/wp-content\\\/uploads\\\/2021\\\/08\\\/Schema-service-etalonnage-EN.png\"},{\"@type\":\"BreadcrumbList\",\"@id\":\"https:\\\/\\\/www.zwiebel.fr\\\/en\\\/etalonnage-reetalonnage\\\/#breadcrumb\",\"itemListElement\":[{\"@type\":\"ListItem\",\"position\":1,\"name\":\"Accueil\",\"item\":\"https:\\\/\\\/www.zwiebel.fr\\\/en\\\/\"},{\"@type\":\"ListItem\",\"position\":2,\"name\":\"Calibration \\\/ Recalibration\"}]},{\"@type\":\"WebSite\",\"@id\":\"https:\\\/\\\/www.zwiebel.fr\\\/en\\\/#website\",\"url\":\"https:\\\/\\\/www.zwiebel.fr\\\/en\\\/\",\"name\":\"Zwiebel\",\"description\":\"\",\"publisher\":{\"@id\":\"https:\\\/\\\/www.zwiebel.fr\\\/en\\\/#organization\"},\"potentialAction\":[{\"@type\":\"SearchAction\",\"target\":{\"@type\":\"EntryPoint\",\"urlTemplate\":\"https:\\\/\\\/www.zwiebel.fr\\\/en\\\/?s={search_term_string}\"},\"query-input\":{\"@type\":\"PropertyValueSpecification\",\"valueRequired\":true,\"valueName\":\"search_term_string\"}}],\"inLanguage\":\"en-US\"},{\"@type\":\"Organization\",\"@id\":\"https:\\\/\\\/www.zwiebel.fr\\\/en\\\/#organization\",\"name\":\"Zwiebel\",\"url\":\"https:\\\/\\\/www.zwiebel.fr\\\/en\\\/\",\"logo\":{\"@type\":\"ImageObject\",\"inLanguage\":\"en-US\",\"@id\":\"https:\\\/\\\/www.zwiebel.fr\\\/en\\\/#\\\/schema\\\/logo\\\/image\\\/\",\"url\":\"https:\\\/\\\/www.zwiebel.fr\\\/wp-content\\\/uploads\\\/2021\\\/02\\\/Logo_Zwiebel_Pesage-scaled.jpg\",\"contentUrl\":\"https:\\\/\\\/www.zwiebel.fr\\\/wp-content\\\/uploads\\\/2021\\\/02\\\/Logo_Zwiebel_Pesage-scaled.jpg\",\"width\":2560,\"height\":1602,\"caption\":\"Zwiebel\"},\"image\":{\"@id\":\"https:\\\/\\\/www.zwiebel.fr\\\/en\\\/#\\\/schema\\\/logo\\\/image\\\/\"}}]}<\/script>\n<!-- \/ Yoast SEO plugin. -->","yoast_head_json":{"title":"Calibration \/ Recalibration - Zwiebel","robots":{"index":"index","follow":"follow","max-snippet":"max-snippet:-1","max-image-preview":"max-image-preview:large","max-video-preview":"max-video-preview:-1"},"canonical":"https:\/\/www.zwiebel.fr\/en\/etalonnage-reetalonnage\/","og_locale":"en_US","og_type":"article","og_title":"Calibration \/ Recalibration - Zwiebel","og_description":"Calibration, recalibration of weights and masses COFRAC calibration certificate \u2013 CEI 17025 \/ Mass accreditation 2-1218 Scope available on\u00a0www.cofrac.fr Table of content Calibration of new weights and masses : E1, E2, F1, F2, M1, M2, M3 Since 1991, we ensure the maintenance of weights and masses over time. Zwiebel is able to support you for [&hellip;]","og_url":"https:\/\/www.zwiebel.fr\/en\/etalonnage-reetalonnage\/","og_site_name":"Zwiebel","article_modified_time":"2024-06-26T12:51:19+00:00","og_image":[{"url":"https:\/\/www.zwiebel.fr\/wp-content\/uploads\/2021\/08\/Schema-service-etalonnage-EN.png","type":"","width":"","height":""}],"twitter_card":"summary_large_image","twitter_misc":{"Est. reading time":"3 minutes"},"schema":{"@context":"https:\/\/schema.org","@graph":[{"@type":"WebPage","@id":"https:\/\/www.zwiebel.fr\/en\/etalonnage-reetalonnage\/","url":"https:\/\/www.zwiebel.fr\/en\/etalonnage-reetalonnage\/","name":"Calibration \/ Recalibration - Zwiebel","isPartOf":{"@id":"https:\/\/www.zwiebel.fr\/en\/#website"},"primaryImageOfPage":{"@id":"https:\/\/www.zwiebel.fr\/en\/etalonnage-reetalonnage\/#primaryimage"},"image":{"@id":"https:\/\/www.zwiebel.fr\/en\/etalonnage-reetalonnage\/#primaryimage"},"thumbnailUrl":"https:\/\/www.zwiebel.fr\/wp-content\/uploads\/2021\/08\/Schema-service-etalonnage-EN.png","datePublished":"2021-02-25T09:11:13+00:00","dateModified":"2024-06-26T12:51:19+00:00","breadcrumb":{"@id":"https:\/\/www.zwiebel.fr\/en\/etalonnage-reetalonnage\/#breadcrumb"},"inLanguage":"en-US","potentialAction":[{"@type":"ReadAction","target":["https:\/\/www.zwiebel.fr\/en\/etalonnage-reetalonnage\/"]}]},{"@type":"ImageObject","inLanguage":"en-US","@id":"https:\/\/www.zwiebel.fr\/en\/etalonnage-reetalonnage\/#primaryimage","url":"https:\/\/www.zwiebel.fr\/wp-content\/uploads\/2021\/08\/Schema-service-etalonnage-EN.png","contentUrl":"https:\/\/www.zwiebel.fr\/wp-content\/uploads\/2021\/08\/Schema-service-etalonnage-EN.png"},{"@type":"BreadcrumbList","@id":"https:\/\/www.zwiebel.fr\/en\/etalonnage-reetalonnage\/#breadcrumb","itemListElement":[{"@type":"ListItem","position":1,"name":"Accueil","item":"https:\/\/www.zwiebel.fr\/en\/"},{"@type":"ListItem","position":2,"name":"Calibration \/ Recalibration"}]},{"@type":"WebSite","@id":"https:\/\/www.zwiebel.fr\/en\/#website","url":"https:\/\/www.zwiebel.fr\/en\/","name":"Zwiebel","description":"","publisher":{"@id":"https:\/\/www.zwiebel.fr\/en\/#organization"},"potentialAction":[{"@type":"SearchAction","target":{"@type":"EntryPoint","urlTemplate":"https:\/\/www.zwiebel.fr\/en\/?s={search_term_string}"},"query-input":{"@type":"PropertyValueSpecification","valueRequired":true,"valueName":"search_term_string"}}],"inLanguage":"en-US"},{"@type":"Organization","@id":"https:\/\/www.zwiebel.fr\/en\/#organization","name":"Zwiebel","url":"https:\/\/www.zwiebel.fr\/en\/","logo":{"@type":"ImageObject","inLanguage":"en-US","@id":"https:\/\/www.zwiebel.fr\/en\/#\/schema\/logo\/image\/","url":"https:\/\/www.zwiebel.fr\/wp-content\/uploads\/2021\/02\/Logo_Zwiebel_Pesage-scaled.jpg","contentUrl":"https:\/\/www.zwiebel.fr\/wp-content\/uploads\/2021\/02\/Logo_Zwiebel_Pesage-scaled.jpg","width":2560,"height":1602,"caption":"Zwiebel"},"image":{"@id":"https:\/\/www.zwiebel.fr\/en\/#\/schema\/logo\/image\/"}}]}},"_links":{"self":[{"href":"https:\/\/www.zwiebel.fr\/en\/wp-json\/wp\/v2\/pages\/3212","targetHints":{"allow":["GET"]}}],"collection":[{"href":"https:\/\/www.zwiebel.fr\/en\/wp-json\/wp\/v2\/pages"}],"about":[{"href":"https:\/\/www.zwiebel.fr\/en\/wp-json\/wp\/v2\/types\/page"}],"author":[{"embeddable":true,"href":"https:\/\/www.zwiebel.fr\/en\/wp-json\/wp\/v2\/users\/1"}],"replies":[{"embeddable":true,"href":"https:\/\/www.zwiebel.fr\/en\/wp-json\/wp\/v2\/comments?post=3212"}],"version-history":[{"count":9,"href":"https:\/\/www.zwiebel.fr\/en\/wp-json\/wp\/v2\/pages\/3212\/revisions"}],"predecessor-version":[{"id":5535,"href":"https:\/\/www.zwiebel.fr\/en\/wp-json\/wp\/v2\/pages\/3212\/revisions\/5535"}],"wp:attachment":[{"href":"https:\/\/www.zwiebel.fr\/en\/wp-json\/wp\/v2\/media?parent=3212"}],"curies":[{"name":"wp","href":"https:\/\/api.w.org\/{rel}","templated":true}]}}